{"id":79,"date":"2022-04-27T13:45:26","date_gmt":"2022-04-27T11:45:26","guid":{"rendered":"https:\/\/www.bitstore.center\/?page_id=79"},"modified":"2022-09-06T10:07:26","modified_gmt":"2022-09-06T08:07:26","slug":"impressum-2","status":"publish","type":"page","link":"https:\/\/www.bitstore.center\/?page_id=79","title":{"rendered":"Impressum"},"content":{"rendered":"\n    \n    <section class=\"u-align-left u-clearfix u-section-2\" id=\"sec-9186\">\n      <h3 class=\"u-text u-text-default u-text-1\">Impressum<\/h3>\n      <div class=\"u-clearfix u-layout-wrap u-layout-wrap-1\">\n        <div class=\"u-layout\">\n          <div class=\"u-layout-row\">\n            <div class=\"u-container-style u-layout-cell u-size-20 u-layout-cell-1\">\n              <div class=\"u-container-layout u-container-layout-1\">\n                <p class=\"u-small-text u-text u-text-variant u-text-2\"> Informationen gem\u00e4\u00df den Anforderungen des<br>Telemediengesetzes (TMG)<br>\n                  <br>Herausgeber:<br>Bitstore Center<br>\n                  <br>vertreten durch:<br>Janine Galonska<br>Greifswalder Stra\u00dfe 22<br>10405 Berlin<br>\n                  <br>Telefon: 030 \/ 453 08 78 \u2013 0&nbsp;<br>Telefax: 030 \/ 453 08 78 \u2013 99<br>Email: info@bitstore-online.de\n                <\/p>\n              <\/div>\n            <\/div>\n            <div class=\"u-container-style u-layout-cell u-size-20 u-layout-cell-2\">\n              <div class=\"u-container-layout u-container-layout-2\">\n                <p class=\"u-small-text u-text u-text-default u-text-variant u-text-3\"> Verantwortlicher Redakteur und Webmaster f\u00fcr die Planung, Realisierung und Betreuung der Internetinhalte sowie f\u00fcr die Administration der Domain (Admin-c) ist:<br>\n                  <br>Bitstore Center<br>Greifswalder Stra\u00dfe 22<br>10405 Berlin<br>\n                  <br>Telefon: 030 \/ 453 08 78 \u2013 0&nbsp;<br>Telefax: 030 \/ 453 08 78 \u2013 99<br>Email: info@bitstore-online.de\n                <\/p>\n              <\/div>\n            <\/div>\n            <div class=\"u-container-style u-layout-cell u-size-20 u-layout-cell-3\">\n              <div class=\"u-container-layout u-container-layout-3\">\n                <p class=\"u-small-text u-text u-text-variant u-text-4\"> Ust.-ldNr.: DE296220322<br>HRB 27198<br>Amtsgericht Potsdam<br>\n                  <br>Bildquellen und -rechte liegen bei: Bitstore Center\n                <\/p>\n              <\/div>\n            <\/div>\n          <\/div>\n        <\/div>\n      <\/div>\n    <\/section>\n    <section class=\"u-align-left u-clearfix u-section-3\" id=\"carousel_b804\">\n      <h2 class=\"u-text u-text-default u-text-1\">Haftungsausschluss<\/h2>\n      <p class=\"u-align-justify u-large-text u-text u-text-variant u-text-2\"> Haftung f\u00fcr Inhalte<br>Alle Inhalte unseres Internetauftritts wurden mit gr\u00f6\u00dfter Sorgfalt und nach bestem&nbsp;Gewissen erstellt. F\u00fcr die Richtigkeit, Vollst\u00e4ndigkeit und Aktualit\u00e4t der Inhalte k\u00f6nnen wir&nbsp;jedoch keine Gew\u00e4hr \u00fcbernehmen. Als Diensteanbieter sind wir gem\u00e4\u00df \u00a7 7 Abs.1 TMG f\u00fcr&nbsp;eigene Inhalte auf diesen Seiten nach den allgemeinen Gesetzen verantwortlich. Nach \u00a7\u00a7&nbsp;8 bis 10 TMG sind wir als Diensteanbieter jedoch nicht verpflichtet, \u00fcbermittelte oder&nbsp;gespeicherte fremde Informationen zu \u00fcberwachen oder nach Umst\u00e4nden zu forschen, die&nbsp;auf eine rechtswidrige T\u00e4tigkeit hinweisen. Verpflichtungen zur Entfernung oder Sperrung&nbsp;der Nutzung von Informationen nach den allgemeinen Gesetzen bleiben hiervon&nbsp;unber\u00fchrt.&nbsp;Eine diesbez\u00fcgliche Haftung ist jedoch erst ab dem Zeitpunkt der Kenntniserlangung einer&nbsp;konkreten Rechtsverletzung m\u00f6glich. Bei Bekanntwerden von den o.g.&nbsp;Rechtsverletzungen werden wir diese Inhalte unverz\u00fcglich entfernen.&nbsp;Haftungsbeschr\u00e4nkung f\u00fcr externe Links&nbsp;Unsere Webseite enth\u00e4lt Links auf externe Webseiten Dritter. Auf die Inhalte dieser direkt&nbsp;oder indirekt verlinkten Webseiten haben wir keinen Einfluss. Daher k\u00f6nnen wir f\u00fcr die&nbsp;\u201eexternen Links\u201c auch keine Gew\u00e4hr auf Richtigkeit der Inhalte \u00fcbernehmen. F\u00fcr die&nbsp;Inhalte der externen Links sind die jeweilige Anbieter oder Betreiber (Urheber) der Seiten&nbsp;verantwortlich.<br>Die externen Links wurden zum Zeitpunkt der Linksetzung auf eventuelle Rechtsverst\u00f6\u00dfe&nbsp;\u00fcberpr\u00fcft und waren im Zeitpunkt der Linksetzung frei von rechtswidrigen Inhalten. Eine&nbsp;st\u00e4ndige inhaltliche \u00dcberpr\u00fcfung der externen Links ist ohne konkrete Anhaltspunkte einer&nbsp;Rechtsverletzung nicht m\u00f6glich. Bei direkten oder indirekten Verlinkungen auf die&nbsp;Webseiten Dritter, die au\u00dferhalb unseres Verantwortungsbereichs liegen, w\u00fcrde eine&nbsp;Haftungsverpflichtung ausschlie\u00dflich in dem Fall nur bestehen, wenn wir von den Inhalten&nbsp;Kenntnis erlangen und es uns technisch m\u00f6glich und zumutbar w\u00e4re, die Nutzung im Falle&nbsp;rechtswidriger Inhalte zu verhindern.&nbsp;Diese Haftungsausschlusserkl\u00e4rung gilt auch innerhalb des eigenen Internetauftrittes&nbsp;http:\/\/www.bitstore-online.de gesetzten Links und Verweise von Fragestellern,&nbsp;Blogeintr\u00e4gern, G\u00e4sten des Diskussionsforums. F\u00fcr illegale, fehlerhafte oder&nbsp;unvollst\u00e4ndige Inhalte und insbesondere f\u00fcr Sch\u00e4den, die aus der Nutzung oder&nbsp;Nichtnutzung solcherart dargestellten Informationen entstehen, haftet allein der&nbsp;Diensteanbieter der Seite, auf welche verwiesen wurde, nicht derjenige, der \u00fcber Links auf&nbsp;die jeweilige Ver\u00f6ffentlichung lediglich verweist.&nbsp;Werden uns Rechtsverletzungen bekannt, werden die externen Links durch uns&nbsp;unverz\u00fcglich entfernt.&nbsp;Urheberrecht&nbsp;Die auf unserer Webseite ver\u00f6ffentlichen Inhalte und Werke unterliegen dem deutschen&nbsp;Urheberrecht (http:\/\/www.gesetze-im-internet.de\/bundesrecht\/urhg\/gesamt.pdf) . Die&nbsp;Vervielf\u00e4ltigung, Bearbeitung, Verbreitung und jede Art der Verwertung des geistigen&nbsp;Eigentums in ideeller und materieller Sicht des Urhebers au\u00dferhalb der Grenzen des&nbsp;Urheberrechtes bed\u00fcrfen der vorherigen schriftlichen Zustimmung des jeweiligen Urhebers i.S.d. Urhebergesetzes (http:\/\/www.gesetze-im-internet.de\/bundesrecht\/urhg\/gesamt.pdf ).&nbsp;Downloads und Kopien dieser Seite sind nur f\u00fcr den privaten und nicht kommerziellen&nbsp;Gebrauch erlaubt. Sind die Inhalte auf unserer Webseite nicht von uns erstellt wurden,&nbsp;sind die Urheberrechte Dritter zu beachten. Die Inhalte Dritter werden als solche kenntlich&nbsp;gemacht. Sollten Sie trotzdem auf eine Urheberrechtsverletzung aufmerksam werden,&nbsp;bitten wir um einen entsprechenden Hinweis. Bei Bekanntwerden von Rechtsverletzungen&nbsp;werden wir derartige Inhalte unverz\u00fcglich entfernen.&nbsp;Dieses Impressum wurde freundlicherweise von jurarat.de zur Verf\u00fcgung gestellt.\n      <\/p>\n    <\/section>\n    \n    \n    \n    \n    \n  \n","protected":false},"excerpt":{"rendered":"<p>Impressum Informationen gem\u00e4\u00df den Anforderungen desTelemediengesetzes (TMG) Herausgeber:Bitstore Center vertreten durch:Janine GalonskaGreifswalder Stra\u00dfe 2210405 Berlin Telefon: 030 \/ 453 08 78 \u2013 0&nbsp;Telefax: 030 \/ 453 08 78 \u2013 99Email: info@bitstore-online.de Verantwortlicher Redakteur und Webmaster f\u00fcr die Planung, Realisierung und Betreuung der Internetinhalte sowie f\u00fcr die Administration der Domain (Admin-c) ist: Bitstore CenterGreifswalder Stra\u00dfe 2210405 &hellip; <a href=\"https:\/\/www.bitstore.center\/?page_id=79\" class=\"more-link\">Continue reading<span class=\"screen-reader-text\"> &#8222;Impressum&#8220;<\/span><\/a><\/p>\n","protected":false},"author":2,"featured_media":0,"parent":30,"menu_order":0,"comment_status":"closed","ping_status":"closed","template":"","meta":{"footnotes":""},"class_list":["post-79","page","type-page","status-publish","hentry"],"yoast_head":"<!-- This site is optimized with the Yoast SEO plugin v19.10 - https:\/\/yoast.com\/wordpress\/plugins\/seo\/ -->\n<title>Impressum - Bitstore Center<\/title>\n<meta name=\"robots\" content=\"index, follow, max-snippet:-1, max-image-preview:large, max-video-preview:-1\" \/>\n<link rel=\"canonical\" href=\"https:\/\/www.bitstore.center\/?page_id=79\" \/>\n<meta property=\"og:locale\" content=\"de_DE\" \/>\n<meta property=\"og:type\" content=\"article\" \/>\n<meta property=\"og:title\" content=\"Impressum - Bitstore Center\" \/>\n<meta property=\"og:description\" content=\"Impressum Informationen gem\u00e4\u00df den Anforderungen desTelemediengesetzes (TMG) Herausgeber:Bitstore Center vertreten durch:Janine GalonskaGreifswalder Stra\u00dfe 2210405 Berlin Telefon: 030 \/ 453 08 78 \u2013 0&nbsp;Telefax: 030 \/ 453 08 78 \u2013 99Email: info@bitstore-online.de Verantwortlicher Redakteur und Webmaster f\u00fcr die Planung, Realisierung und Betreuung der Internetinhalte sowie f\u00fcr die Administration der Domain (Admin-c) ist: Bitstore CenterGreifswalder Stra\u00dfe 2210405 &hellip; Continue reading &quot;Impressum&quot;\" \/>\n<meta property=\"og:url\" content=\"https:\/\/www.bitstore.center\/?page_id=79\" \/>\n<meta property=\"og:site_name\" content=\"Bitstore Center\" \/>\n<meta property=\"article:modified_time\" content=\"2022-09-06T08:07:26+00:00\" \/>\n<meta name=\"twitter:card\" content=\"summary_large_image\" \/>\n<meta name=\"twitter:label1\" content=\"Gesch\u00e4tzte Lesezeit\" \/>\n\t<meta name=\"twitter:data1\" content=\"3\u00a0Minuten\" \/>\n<script type=\"application\/ld+json\" class=\"yoast-schema-graph\">{\"@context\":\"https:\/\/schema.org\",\"@graph\":[{\"@type\":\"WebPage\",\"@id\":\"https:\/\/www.bitstore.center\/?page_id=79\",\"url\":\"https:\/\/www.bitstore.center\/?page_id=79\",\"name\":\"Impressum - Bitstore Center\",\"isPartOf\":{\"@id\":\"https:\/\/www.bitstore.center\/#website\"},\"datePublished\":\"2022-04-27T11:45:26+00:00\",\"dateModified\":\"2022-09-06T08:07:26+00:00\",\"breadcrumb\":{\"@id\":\"https:\/\/www.bitstore.center\/?page_id=79#breadcrumb\"},\"inLanguage\":\"de\",\"potentialAction\":[{\"@type\":\"ReadAction\",\"target\":[\"https:\/\/www.bitstore.center\/?page_id=79\"]}]},{\"@type\":\"BreadcrumbList\",\"@id\":\"https:\/\/www.bitstore.center\/?page_id=79#breadcrumb\",\"itemListElement\":[{\"@type\":\"ListItem\",\"position\":1,\"name\":\"Startseite\",\"item\":\"https:\/\/www.bitstore.center\/\"},{\"@type\":\"ListItem\",\"position\":2,\"name\":\"Home\",\"item\":\"https:\/\/www.bitstore.center\/\"},{\"@type\":\"ListItem\",\"position\":3,\"name\":\"Impressum\"}]},{\"@type\":\"WebSite\",\"@id\":\"https:\/\/www.bitstore.center\/#website\",\"url\":\"https:\/\/www.bitstore.center\/\",\"name\":\"Bitstore Center\",\"description\":\"\",\"potentialAction\":[{\"@type\":\"SearchAction\",\"target\":{\"@type\":\"EntryPoint\",\"urlTemplate\":\"https:\/\/www.bitstore.center\/?s={search_term_string}\"},\"query-input\":\"required name=search_term_string\"}],\"inLanguage\":\"de\"}]}<\/script>\n<!-- \/ Yoast SEO plugin. -->","yoast_head_json":{"title":"Impressum - Bitstore Center","robots":{"index":"index","follow":"follow","max-snippet":"max-snippet:-1","max-image-preview":"max-image-preview:large","max-video-preview":"max-video-preview:-1"},"canonical":"https:\/\/www.bitstore.center\/?page_id=79","og_locale":"de_DE","og_type":"article","og_title":"Impressum - Bitstore Center","og_description":"Impressum Informationen gem\u00e4\u00df den Anforderungen desTelemediengesetzes (TMG) Herausgeber:Bitstore Center vertreten durch:Janine GalonskaGreifswalder Stra\u00dfe 2210405 Berlin Telefon: 030 \/ 453 08 78 \u2013 0&nbsp;Telefax: 030 \/ 453 08 78 \u2013 99Email: info@bitstore-online.de Verantwortlicher Redakteur und Webmaster f\u00fcr die Planung, Realisierung und Betreuung der Internetinhalte sowie f\u00fcr die Administration der Domain (Admin-c) ist: Bitstore CenterGreifswalder Stra\u00dfe 2210405 &hellip; Continue reading \"Impressum\"","og_url":"https:\/\/www.bitstore.center\/?page_id=79","og_site_name":"Bitstore Center","article_modified_time":"2022-09-06T08:07:26+00:00","twitter_card":"summary_large_image","twitter_misc":{"Gesch\u00e4tzte Lesezeit":"3\u00a0Minuten"},"schema":{"@context":"https:\/\/schema.org","@graph":[{"@type":"WebPage","@id":"https:\/\/www.bitstore.center\/?page_id=79","url":"https:\/\/www.bitstore.center\/?page_id=79","name":"Impressum - Bitstore Center","isPartOf":{"@id":"https:\/\/www.bitstore.center\/#website"},"datePublished":"2022-04-27T11:45:26+00:00","dateModified":"2022-09-06T08:07:26+00:00","breadcrumb":{"@id":"https:\/\/www.bitstore.center\/?page_id=79#breadcrumb"},"inLanguage":"de","potentialAction":[{"@type":"ReadAction","target":["https:\/\/www.bitstore.center\/?page_id=79"]}]},{"@type":"BreadcrumbList","@id":"https:\/\/www.bitstore.center\/?page_id=79#breadcrumb","itemListElement":[{"@type":"ListItem","position":1,"name":"Startseite","item":"https:\/\/www.bitstore.center\/"},{"@type":"ListItem","position":2,"name":"Home","item":"https:\/\/www.bitstore.center\/"},{"@type":"ListItem","position":3,"name":"Impressum"}]},{"@type":"WebSite","@id":"https:\/\/www.bitstore.center\/#website","url":"https:\/\/www.bitstore.center\/","name":"Bitstore Center","description":"","potentialAction":[{"@type":"SearchAction","target":{"@type":"EntryPoint","urlTemplate":"https:\/\/www.bitstore.center\/?s={search_term_string}"},"query-input":"required name=search_term_string"}],"inLanguage":"de"}]}},"_links":{"self":[{"href":"https:\/\/www.bitstore.center\/index.php?rest_route=\/wp\/v2\/pages\/79","targetHints":{"allow":["GET"]}}],"collection":[{"href":"https:\/\/www.bitstore.center\/index.php?rest_route=\/wp\/v2\/pages"}],"about":[{"href":"https:\/\/www.bitstore.center\/index.php?rest_route=\/wp\/v2\/types\/page"}],"author":[{"embeddable":true,"href":"https:\/\/www.bitstore.center\/index.php?rest_route=\/wp\/v2\/users\/2"}],"replies":[{"embeddable":true,"href":"https:\/\/www.bitstore.center\/index.php?rest_route=%2Fwp%2Fv2%2Fcomments&post=79"}],"version-history":[{"count":3,"href":"https:\/\/www.bitstore.center\/index.php?rest_route=\/wp\/v2\/pages\/79\/revisions"}],"predecessor-version":[{"id":309,"href":"https:\/\/www.bitstore.center\/index.php?rest_route=\/wp\/v2\/pages\/79\/revisions\/309"}],"up":[{"embeddable":true,"href":"https:\/\/www.bitstore.center\/index.php?rest_route=\/wp\/v2\/pages\/30"}],"wp:attachment":[{"href":"https:\/\/www.bitstore.center\/index.php?rest_route=%2Fwp%2Fv2%2Fmedia&parent=79"}],"curies":[{"name":"wp","href":"https:\/\/api.w.org\/{rel}","templated":true}]}}